{"id":119,"date":"2026-03-26T09:04:53","date_gmt":"2026-03-26T13:04:53","guid":{"rendered":"https:\/\/www.fonpyme.gob.ve\/?page_id=119"},"modified":"2026-04-13T15:32:55","modified_gmt":"2026-04-13T19:32:55","slug":"preguntas-frecuentes","status":"publish","type":"page","link":"https:\/\/www.fonpyme.gob.ve\/index.php\/preguntas-frecuentes\/","title":{"rendered":"Preguntas Frecuentes"},"content":{"rendered":"<ul>\n<li>\n<blockquote>\n<p><strong>ASISTENCIA T\u00c9CNICA Y FINANCIERA.<\/strong><\/p>\n<p>Conjunto de asesor\u00edas guiadas por personal especializado del Sistema Nacional de Garant\u00edas Rec\u00edprocas (SNGR), destinadas a facilitar la inserci\u00f3n de los beneficiarios al sistema financiero nacional, as\u00ed como su crecimiento y desarrollo en su sector productivo.<\/p>\n<\/blockquote>\n<\/li>\n<li>\n<blockquote>\n<p><strong>BENEFICIARIOS.<\/strong><\/p>\n<p>Personas naturales o jur\u00eddicas favorecidas de los productos y\/o servicios ofrecidos por el Sistema Nacional de Garant\u00edas Rec\u00edprocas venezolano.<\/p>\n<\/blockquote>\n<\/li>\n<li>\n<blockquote>\n<p><strong>CERTIFICACI\u00d3N DE LA FIANZA.<\/strong><\/p>\n<p>Documento que emiten las Sociedades de Garant\u00edas Rec\u00edprocas (SGR), a favor de sus Socios Beneficiarios, en el que se manifiesta la pre-aprobaci\u00f3n del afianzamiento. Este documento forma parte del expediente de cr\u00e9dito que el Beneficiario consigna al Banco al momento de efectuar una solicitud de cr\u00e9dito.<\/p>\n<\/blockquote>\n<\/li>\n<li>\n<blockquote>\n<p><strong>COAFIANZAMIENTO.<\/strong><\/p>\n<p>Aquella garant\u00eda en la cual el riesgo de una fianza t\u00e9cnica o financiera se distribuye entre una Sociedad de Garant\u00eda Rec\u00edproca convocante y una o m\u00e1s Sociedades de Garant\u00edas Rec\u00edprocas concurrentes, que ser\u00e1n las tomadoras de la diferencia no cubierta por la convocante.<\/p>\n<\/blockquote>\n<\/li>\n<li>\n<blockquote>\n<p><strong>COBERTURA DE LA GARANT\u00cdA.<\/strong><\/p>\n<p>Es la porci\u00f3n de afianzamiento que las Sociedades de Garant\u00edas Rec\u00edprocas (SGR) cubrir\u00e1n sobre el monto de un cr\u00e9dito o contrato determinado.<\/p>\n<p>De conformidad con lo previsto en el art\u00edculo 26, numeral 3 del Decreto N\u00b0 251, con Rango y Fuerza de Ley que Regula el Sistema Nacional de Garant\u00edas Rec\u00edprocas para la Peque\u00f1a y Mediana Empresa, este porcentaje no ser\u00e1 mayor al ochenta por ciento (80%) del monto total de un cr\u00e9dito, salvo en el caso de microempresas, asociaciones civiles, cooperativas y personas naturales, cuya cobertura podr\u00e1 ser de hasta un cien por ciento (100 %)<\/p>\n<\/blockquote>\n<\/li>\n<li>\n<blockquote>\n<p><strong>CONTRATO DE CR\u00c9DITO.<\/strong><\/p>\n<p>Es el instrumento mediante el cual se establecen las condiciones econ\u00f3micas, financieras, administrativas y legales de los cr\u00e9ditos otorgados a los socios beneficiarios del Sistema Nacional de Garant\u00edas Rec\u00edprocas.<\/p>\n<\/blockquote>\n<\/li>\n<li>\n<blockquote>\n<p><strong>COOPERATIVAS.<\/strong><\/p>\n<p>son asociaciones abiertas y flexibles, de hecho y derecho cooperativo, de la Econom\u00eda Social y Participativa, aut\u00f3nomas, de personas que se unen mediante un proceso y acuerdo voluntario, para hacer frente a sus necesidades y aspiraciones econ\u00f3micas, sociales y culturales comunes, para generar bienestar integral, colectivo y personal, por medio de procesos y empresas de propiedad colectiva, gestionadas y controladas democr\u00e1ticamente. DECRETO CON FUERZA DE LEY ESPECIAL DE ASOCIACIONES COOPERATIVAS (2001), Art\u00edculo 2\u00b0.<strong><br><\/strong><\/p>\n<\/blockquote>\n<\/li>\n<li>\n<blockquote>\n<p><strong>CR\u00c9DITO.<\/strong><\/p>\n<p>Pr\u00e9stamos concedidos por las instituciones bancarias a los socios beneficiarios del Sistema Nacional de Garant\u00edas Rec\u00edprocas, destinados a financiar actividades de producci\u00f3n, comercializaci\u00f3n y servicios, cuya fuente principal de pago lo constituye el producto de los ingresos generados por dichas actividades.<\/p>\n<\/blockquote>\n<\/li>\n<li>\n<blockquote>\n<p><strong>CUOTA.<\/strong><\/p>\n<p>Importe mensual, trimestral o semestral que paga el prestatario de un cr\u00e9dito, compuesto por la parte amortizada de capital, m\u00e1s los intereses devengados en el per\u00edodo, calculados sobre el saldo dispuesto y pendiente por amortizar.<\/p>\n<\/blockquote>\n<\/li>\n<li>\n<blockquote>\n<p><strong>CUOTA EN ATRASO.<\/strong><\/p>\n<p>Es el incumplimiento del pago de aquella cuota que seg\u00fan lo establecido contractualmente, ha debido ser cancelada.<\/p>\n<\/blockquote>\n<\/li>\n<li>\n<blockquote>\n<p><strong>CUOTA VENCIDA.<\/strong><\/p>\n<p>Son aquellas cuotas en atraso, que se han dejado de pagar consecutivamente. En el caso del Sistema Nacional de Garant\u00edas Rec\u00edprocas, equivale a tres (3) cuotas atrasadas consecutivas, salvo aquellos casos en los que la normativa vigente introduzca modificaciones a esta condici\u00f3n.<\/p>\n<\/blockquote>\n<\/li>\n<li>\n<blockquote>\n<p><strong>DECRETO CON RANGO Y FUERZA DE LEY QUE REGULA EL SISTEMA NACIONAL DE GARANT\u00cdAS RECIPROCAS PARA LA PEQUE\u00d1A Y MEDIANA EMPRESA .<\/strong><\/p>\n<p>Decreto N\u00b0 251 con Rango y Fuerza de Ley que regula el Sistema Nacional de Garant\u00edas Rec\u00edprocas para la Peque\u00f1a y Mediana Empresa, de fecha 10 de agosto de 1999, reimpreso por error material en la Gaceta Oficial de la Rep\u00fablica de Venezuela N\u00b0 36.824, del 8 de noviembre de 1999.<\/p>\n<\/blockquote>\n<\/li>\n<li>\n<blockquote>\n<p><strong>EMPRENDEDOR.<\/strong><\/p>\n<p>Toda persona que identifica y crea la oportunidad de desarrollo de una idea en una unidad productiva de bienes o prestadora de servicios, dirigida a la satisfacci\u00f3n de necesidades b\u00e1sicas, aplicando su motivaci\u00f3n, impulso, conocimientos y habilidades para su realizaci\u00f3n.<\/p>\n<\/blockquote>\n<\/li>\n<li>\n<blockquote>\n<p><strong>FIANZA FIANCIERA.<\/strong><\/p>\n<p>Instrumento legalmente constituido, emitido por las Sociedades de Garant\u00edas Rec\u00edprocas, que ofrece un respaldo jur\u00eddicamente eficaz al pago de las obligaciones garantizadas a las instituciones bancarias.<\/p>\n<\/blockquote>\n<\/li>\n<li>\n<blockquote>\n<p><strong>FIANZA TECNICA.<\/strong><\/p>\n<p>Aquella garant\u00eda emitida por las Sociedades de Garant\u00edas Rec\u00edprocas (SGR), destinada a respaldar los contratos de sus Socios Beneficiarios; facilit\u00e1ndoles as\u00ed su acceso a las contrataciones, tales como: mantenimiento de oferta, anticipo, fiel cumplimiento, laboral, buena pro, entre otras.<\/p>\n<\/blockquote>\n<\/li>\n<li>\n<blockquote>\n<p><strong>FORMACI\u00d3N.<\/strong><\/p>\n<p>Proceso que consiste en el otorgamiento o facilitaci\u00f3n de conocimientos econ\u00f3micos, t\u00e9cnicos y financieros dirigidos a las personas naturales o representantes de micros, peque\u00f1as y medianas empresas que ejerzan actividades productivas o de servicios, con el objeto de que administren eficiente, eficaz y efectivamente su actividad productiva.<\/p>\n<\/blockquote>\n<\/li>\n<li>\n<blockquote>\n<p><strong>MICROEMPRESARIO.<\/strong><\/p>\n<p>Persona natural o jur\u00eddica, que bajo cualquier forma de organizaci\u00f3n o gesti\u00f3n productiva, desarrolle o tenga iniciativas para realizar actividades de comercializaci\u00f3n, prestaci\u00f3n de servicios, transformaci\u00f3n y producci\u00f3n industrial, agr\u00edcola o artesanal de bienes. En el caso de persona jur\u00eddica, deber\u00e1 contar con un n\u00famero total no mayor de diez (10) trabajadores y trabajadoras o generar ventas anuales hasta por la cantidad de nueve mil unidades tributarias (9.000 U.T.).<\/p>\n<\/blockquote>\n<\/li>\n<li>\n<blockquote>\n<p><strong>PEQUE\u00d1A Y MEDIANA EMPRESA (PYME).<\/strong><\/p>\n<p>Unidad organizada a nivel jur\u00eddico, con la finalidad de desarrollar un modelo econ\u00f3mico productivo mediante actividades de transformaci\u00f3n de materia prima en insumos, en bienes industriales elaborados o semielaborados, o bien en actividades de prestaci\u00f3n de servicios, dirigidas a satisfacer las necesidades de la comunidad.<br>En Venezuela, las Peque\u00f1as Empresas son aquellas que reportan anualmente una n\u00f3mina promedio de hasta 50 trabajadores, con una facturaci\u00f3n de hasta doscientas mil unidades (200.000 UT).<br>Por su parte, las Medianas Empresas manejan una n\u00f3mina promedio anual de 51 hasta 100 trabajadores, con una facturaci\u00f3n anual desde doscientas mil una unidades (200.001 UT) hasta quinientas mil unidades (500.000 UT).<\/p>\n<\/blockquote>\n<\/li>\n<li>\n<blockquote>\n<p><strong>REAFIANZAMIENTO.<\/strong><\/p>\n<p>Es el contrato por el cual FONPYME como instituci\u00f3n debidamente facultada conforme a la ley, otorga una fianza o aval de segundo nivel, sobre las operaciones emitidas por una Sociedad de Garant\u00edas Rec\u00edprocas.<br>El Reafianzamiento, adem\u00e1s de respaldar financieramente la operaci\u00f3n, disminuye el nivel de endeudamiento de las sociedades de garant\u00edas rec\u00edprocas y les permite ampliar su capacidad de afianzamiento.<\/p>\n<\/blockquote>\n<\/li>\n<li>\n<blockquote>\n<p><strong>SERVICIOS FINANCIEROS.<\/strong><\/p>\n<p>Aquellos avales y fianzas otorgados por las Sociedades de Garant\u00edas Rec\u00edprocas (SGR) a sus socios beneficiarios, para facilitarles el acceso al cr\u00e9dito o a las contrataciones.<\/p>\n<\/blockquote>\n<\/li>\n<li>\n<blockquote>\n<p><strong>SERVICIOS NO FINANCIEROS.<\/strong><\/p>\n<p>Aquellos avales y fianzas otorgados por las Sociedades de Garant\u00edas Rec\u00edprocas (SGR) a sus socios beneficiarios, para facilitarles el acceso al cr\u00e9dito o a las contrataciones.<\/p>\n<\/blockquote>\n<\/li>\n<li>\n<blockquote>\n<p><strong>SISTEMA NACIONAL DE GARANT\u00cdAS RECIPROCAS PARA LA PEQUE\u00d1A Y MEDIANA EMPRESA.<\/strong><\/p>\n<p>Est\u00e1 conformado por el Fondo Nacional de Garant\u00edas Rec\u00edprocas para la Peque\u00f1a y Mediana Empresa, S.A. (FONPYME, S.A.) y las Sociedades de Garant\u00edas Rec\u00edprocas (SGR) Nacionales o Regionales.<br>El SNGR se basa en la cooperaci\u00f3n de sus integrantes: socios beneficiarios, entes y organismos nacionales, regionales o municipales. Dicha cooperaci\u00f3n constituye un valor esencial para desarrollar sistemas eficaces de garant\u00edas, permiti\u00e9ndoles a sus socios beneficiarios el acceso al cr\u00e9dito y a las contrataciones p\u00fablicas.<\/p>\n<\/blockquote>\n<\/li>\n<li>\n<blockquote>\n<p><strong>SOCIEDAD DE GARANT\u00cdAS REC\u00cdPROCAS PARA LA PEQUE\u00d1A Y MEDIANA EMPRESA.<\/strong><\/p>\n<p>Son empresas de car\u00e1cter mutualista, que garantizan mediante avales y fianzas, el reembolso de los cr\u00e9ditos o el cumplimiento de obligaciones contractuales asumidas por sus socios beneficiarios. Estas empresas est\u00e1n constituidas por el sector p\u00fablico (Socios Tipo A), sector bancario (Socios Tipo B), sector empresarial organizado (Socios Tipo C) y personas naturales, cooperativas, Mipymes (Socios Tipo D, Socios Beneficiarios).<br>Las SGR, tambi\u00e9n prestan servicios de formaci\u00f3n, asistencia t\u00e9cnica y asesoramiento en materia financiera o de gesti\u00f3n a emprendedores, cooperativas, micros, peque\u00f1as y medianas empresas.<br>Las sociedades de garant\u00edas rec\u00edprocas se encuentran debidamente autorizadas para funcionar por la Superintendencia de las Instituciones del Sector Bancario, de conformidad con lo previsto en el Decreto Ley que Regula el Sistema Nacional de Garant\u00edas Rec\u00edprocas para la Peque\u00f1a y Mediana Empresa, en el Decreto N\u00b0 1.402 con Rango, Valor y Fuerza de Ley de Instituciones del Sector Bancario, y en las Normas de Promoci\u00f3n, Constituci\u00f3n y Funcionamiento de los Fondos Nacionales de Garant\u00edas Rec\u00edprocas y de las Sociedades de Garant\u00edas Rec\u00edprocas.<\/p>\n<\/blockquote>\n<\/li>\n<li>\n<blockquote>\n<p><strong>SOCIOS.<\/strong><\/p>\n<p>Socios:<\/p>\n<p>(Socios Tipo A)<\/p>\n<p><em>Sector p\u00fablico<\/em><\/p>\n<p>(Socios Tipo B)<\/p>\n<p><em>Sector bancario<\/em><\/p>\n<p>(Socios Tipo C)<\/p>\n<p><em>Sector empresarial organizado<\/em><\/p>\n<p>(Socios Tipo D)<\/p>\n<p>Personas naturales, emprendedores, cooperativas, EPS, micros, peque\u00f1as y medianas Empresas.<\/p>\n<\/blockquote>\n<\/li>\n<li>\n<blockquote>\n<p><strong>UNIDADES DE PROPIEDAD SOCIAL.<\/strong><\/p>\n<p>Agrupaciones de personas que trabajan con car\u00e1cter social y participativo, tales como: las organizaciones socio productivas comunitarias, consejos comunales, empresas de propiedad social directa o comunal, empresas de propiedad social Indirecta y cualquier otra forma de asociaci\u00f3n que surja en el seno de la comunidad, cuyo objetivo es la realizaci\u00f3n de cualquier tipo de actividad econ\u00f3mica productiva, financiera o comercial l\u00edcita, a trav\u00e9s del trabajo planificado, coordinado y voluntario, como expresi\u00f3n de conciencia y compromiso al servicio del pueblo, contribuyendo al desarrollo comunal, donde prevalezca el beneficio colectivo sobre la producci\u00f3n de capital y distribuci\u00f3n de beneficios de sus miembros, incidiendo positivamente en el desarrollo sustentable de las comunidades. DECRETO CON RANGO, VALOR Y FUERZA DE LEY DE REFORMA DEL DECRETO CON RANGO VALOR Y FUERZA DE LEY PARA LA PROMOCI\u00d3N Y DESARROLLO DE LA PEQUE\u00d1A y MEDIANA INDUSTRIA Y UNIDADES DE PROPIEDAD SOCIAL (2014). Modificaci\u00f3n del Art\u00edculo 5\u00b0.<\/p>\n<\/blockquote>\n<\/li>\n<li>\n<blockquote>\n<p><strong>\u00bfQU\u00c9 ES FONPYME S.A?<\/strong><\/p>\n<p>El Fondo Nacional de Garant\u00edas Rec\u00edprocas para la Peque\u00f1a y Mediana Empresa (FONPYME S.A.), es la \u00fanica Instituci\u00f3n del Estado, facultada para respaldar las operaciones (fianzas o avales) que realicen las Sociedades de Garant\u00eda Rec\u00edprocas (SGR).<\/p>\n<\/blockquote>\n<\/li>\n<li>\n<blockquote>\n<p><strong>\u00bfQU\u00c9 ES UN AVAL?<\/strong><\/p>\n<p>Es una garant\u00eda de obligaciones ajenas, un contrato a trav\u00e9s del cual las Sociedades de Garant\u00edas Rec\u00edprocas se comprometen a cubrir el pago del cr\u00e9dito de los socio beneficiarios (las micro, peque\u00f1as y medianas empresas), en el caso de que \u00e9stos como deudores originales (avalados) no cumplieren con lo que le corresponde frente a las instituciones bancarias (beneficiario del aval).<\/p>\n<\/blockquote>\n<\/li>\n<li>\n<blockquote>\n<p><strong>\u00bfQU\u00c9 ES UNA FIANZA?<\/strong><\/p>\n<p>Es un contrato que ofrece un respaldo jur\u00eddicamente eficaz al pago del cr\u00e9dito o contrataci\u00f3n, contra\u00edda por los socio beneficiarios (las micro, peque\u00f1as y medianas empresas) de las Sociedades de Garant\u00edas Rec\u00edprocas, frente a las instituciones bancarias, empresas privadas y entes p\u00fablicos, regionales o municipales.<\/p>\n<\/blockquote>\n<\/li>\n<li>\n<blockquote>\n<p><strong>\u00bfQU\u00c9 FIANZAS OTORGAN LAS SOCIEDADES DE GARANT\u00cdAS REC\u00cdPROCAS?<\/strong><\/p>\n<p>Fianzas Financieras: Son contratos que ofrecen un respaldo jur\u00eddicamente eficaz al pago del cr\u00e9dito, contra\u00eddo por las Micro, Peque\u00f1as y Medianas Empresas (socio beneficiarias de las Sociedades de Garant\u00edas Rec\u00edprocas), frente a las Instituciones Bancarias.<br>Fianza T\u00e9cnicas: Son contratos que ofrecen un respaldo jur\u00eddico al pago de las contrataciones de las Micro, Peque\u00f1as y Medianas Empresas (socio beneficiarias de las Sociedades de Garant\u00edas Rec\u00edprocas), frente a las empresas privadas y entes p\u00fablicos, regionales o municipales.<\/p>\n<\/blockquote>\n<\/li>\n<li>\n<blockquote>\n<p><strong>\u00bfQU\u00c9 INSTITUCIONES CONFORMAN EL SISTEMA NACIONAL DE GARANT\u00cdAS REC\u00cdPROCAS?<\/strong><\/p>\n<p>El Sistema Nacional de Garant\u00edas Rec\u00edprocas (SNGR), est\u00e1 conformado por el Fondo Nacional de Garant\u00edas Rec\u00edprocas para la Peque\u00f1a y Mediana Empresa (FONPYME S.A.) y las Sociedades de Garant\u00edas Rec\u00edprocas nacionales o regionales; adem\u00e1s el SNGR cuenta con la participaci\u00f3n de las peque\u00f1as y medianas empresas \u201c\u00fanicas socias beneficiarias del SNGR\u201d, y sus socios de apoyo: entidades bancarias, entes p\u00fablicos, regionales o municipales, gremios, entes asociativos, empresariales y agrupaciones de trabajo.<\/p>\n<\/blockquote>\n<\/li>\n<li>\n<blockquote>\n<p><strong>\u00bfQU\u00c9 SECTORES APOYAMOS EN EL SISTEMA NACIONAL DE GARANT\u00cdAS?<\/strong><\/p>\n<p>El Sistema Nacional de Garant\u00edas Rec\u00edprocas (SNGR), est\u00e1 conformado por el Fondo Nacional de Garant\u00edas Rec\u00edprocas para la Peque\u00f1a y Mediana Empresa (FONPYME S.A.) y las Sociedades de Garant\u00edas Rec\u00edprocas nacionales o regionales; adem\u00e1s el SNGR cuenta con la participaci\u00f3n de las peque\u00f1as y medianas empresas \u201c\u00fanicas socias beneficiarias del SNGR\u201d, y sus socios de apoyo: entidades bancarias, entes p\u00fablicos, regionales o municipales, gremios, entes asociativos, empresariales y agrupaciones de trabajo.<\/p>\n<\/blockquote>\n<\/li>\n<li>\n<blockquote>\n<p><strong>\u00bfQU\u00c9 SERVICIOS QUE OFRECE FONPYME S.A<\/strong><\/p>\n<p>En FONPYME contamos con un equipo de trabajo especializado en el desarrollo de la Micro, Peque\u00f1a y Mediana Empresa, a trav\u00e9s de un portafolio de servicios que incluye: emisi\u00f3n de segunda fianza que respaldan las operaciones de t\u00e9cnicas, financieras y avales que recibes de las Sociedades de Garant\u00edas Rec\u00edprocas para acceder a contrataciones p\u00fablicas o privadas y cr\u00e9ditos de las instituciones bancarias, actividades de formaci\u00f3n, asesoramiento, asistencia t\u00e9cnico &#8211; financiera, apoyo en la promoci\u00f3n y comercializaci\u00f3n de tus productos y servicios; afiliaci\u00f3n a la base de datos de nuestro sistema, en el que participan m\u00e1s de 23.000 Mipymes nacionales y conformaci\u00f3n de redes productivas.<\/p>\n<\/blockquote>\n<\/li>\n<li>\n<blockquote>\n<p><strong>\u00bfQU\u00c9 SON LAS SOCIEDADES DE GARANT\u00cdAS REC\u00cdPROCAS<\/strong><\/p>\n<p>Son instituciones nacionales o regionales, sectoriales o multisectoriales, que tienen como objeto garantizar mediante avales o fianzas, el reembolso de los cr\u00e9ditos que sean otorgados a sus socio beneficiarios por instituciones financieras o entes crediticios p\u00fablicos o privados, as\u00ed como tambi\u00e9n otorgarles fianzas para participar en contrataciones p\u00fablicas o privadas.<br>Las SGR tambi\u00e9n prestan servicios de formaci\u00f3n, asistencia t\u00e9cnica y asesoramiento en materia financiera o de gesti\u00f3n a emprendedores, cooperativas, micro, peque\u00f1as y medianas empresas.<\/p>\n<\/blockquote>\n<\/li>\n<li>\n\n\n<blockquote>\n<p><strong>\u00bfCOMO ACCEDER A LOS PRODUCTOS Y SERVICIOS DEL SNGR?.<\/strong><br>ngg_shortcode_0_placeholder<\/p>\n<\/blockquote>\n<\/li>\n<\/ul>\n<!-- \/wp:post-content --><\/ul>\n<!-- \/wp:list --><!-- \/wp:freeform -->","protected":false},"excerpt":{"rendered":"<p>ASISTENCIA T\u00c9CNICA Y FINANCIERA. Conjunto de asesor\u00edas guiadas por personal especializado del Sistema Nacional de Garant\u00edas Rec\u00edprocas (SNGR), destinadas a facilitar la inserci\u00f3n de los beneficiarios al sistema financiero nacional, &#8230;<\/p>\n","protected":false},"author":1,"featured_media":0,"parent":0,"menu_order":0,"comment_status":"closed","ping_status":"closed","template":"","meta":{"ngg_post_thumbnail":0,"footnotes":""},"class_list":["post-119","page","type-page","status-publish","hentry"],"_links":{"self":[{"href":"https:\/\/www.fonpyme.gob.ve\/index.php\/wp-json\/wp\/v2\/pages\/119","targetHints":{"allow":["GET"]}}],"collection":[{"href":"https:\/\/www.fonpyme.gob.ve\/index.php\/wp-json\/wp\/v2\/pages"}],"about":[{"href":"https:\/\/www.fonpyme.gob.ve\/index.php\/wp-json\/wp\/v2\/types\/page"}],"author":[{"embeddable":true,"href":"https:\/\/www.fonpyme.gob.ve\/index.php\/wp-json\/wp\/v2\/users\/1"}],"replies":[{"embeddable":true,"href":"https:\/\/www.fonpyme.gob.ve\/index.php\/wp-json\/wp\/v2\/comments?post=119"}],"version-history":[{"count":13,"href":"https:\/\/www.fonpyme.gob.ve\/index.php\/wp-json\/wp\/v2\/pages\/119\/revisions"}],"predecessor-version":[{"id":720,"href":"https:\/\/www.fonpyme.gob.ve\/index.php\/wp-json\/wp\/v2\/pages\/119\/revisions\/720"}],"wp:attachment":[{"href":"https:\/\/www.fonpyme.gob.ve\/index.php\/wp-json\/wp\/v2\/media?parent=119"}],"curies":[{"name":"wp","href":"https:\/\/api.w.org\/{rel}","templated":true}]}}