{"id":529,"date":"2026-03-26T14:59:16","date_gmt":"2026-03-26T18:59:16","guid":{"rendered":"https:\/\/www.fonpyme.gob.ve\/?page_id=529"},"modified":"2026-04-20T10:04:20","modified_gmt":"2026-04-20T14:04:20","slug":"contrataciones-publicas","status":"publish","type":"page","link":"https:\/\/www.fonpyme.gob.ve\/index.php\/contrataciones-publicas\/","title":{"rendered":"Contrataciones P\u00fablicas"},"content":{"rendered":"\n<p style=\"text-align: justify;\"><strong>INVITACI\u00d3N<\/strong><\/p>\n<p>Fecha: 25-11-2016<br>Hora: 09:00 a.m.<\/p>\n<p><strong>CONCURSO CERRADO N\u00b0 001-FONPYME-CCP-2016<\/strong><\/p>\n<p>Por medio de la presente se convoca a las empresas del sector tecnol\u00f3gico a participar en el procedimiento para la selecci\u00f3n de contrataci\u00f3n a fin de realizar la adquisici\u00f3n de :<\/p>\n<p><strong>*<\/strong> Dos (2) SWITCHES administrables de marcas certificada hp, cada uno de 48 puertos, expansi\u00f3n de slop \u2013 10\/100\/1000base-1, para dar una totalidad de 240 posibilidades de conexi\u00f3n, a su vez deber\u00e1 garantizarse su instalaci\u00f3n, transferencia tecnol\u00f3gicas y con las siguientes caracter\u00edsticas t\u00e9cnicas:<\/p>\n<p><strong>*<\/strong> Dos (2) HP 19200-48g-poe+ (370w) switch &#8211; 48 ports &#8211; manageable &#8211; 4 x expansion slots &#8211; 10\/100\/1000base-t, 1000base-x 48 x network, 4 x expansion slot &#8211; twisted pair, optical fiber &#8211; gigabit ethernet &#8211; 4 x sfp slots &#8211; 3 layer supported &#8211; 1u high &#8211; rack-mountablelifetime<br><strong>*<\/strong> Un (1) servicio de instalaci\u00f3n y garant\u00eda 3 a\u00f1os<\/p>\n<p><strong>*<\/strong> Ciento cincuenta (150) licencia de antivirus \u201csophos endpoint protection advanced\u201d, asegurando su instalaci\u00f3n, configuraci\u00f3n, transferencia tecnol\u00f3gicas y con las siguientes caracter\u00edsticas t\u00e9cnicas:<\/p>\n<p><strong>*<\/strong> Ciento cincuenta (150) licencia sophos endpoint protection advanced<br>* Una (1) instalaci\u00f3n y configuraci\u00f3n consola principal, garant\u00eda 1 a\u00f1o<\/p>\n<p><strong>*<\/strong> Un (1) FORTINET, equipos para brindar seguridad perimetral tecnol\u00f3gica a la organizaci\u00f3n, deber\u00e1 asegurarse su instalaci\u00f3n, configuraci\u00f3n, transferencia tecnol\u00f3gicas y con las siguientes caracter\u00edsticas t\u00e9cnicas:<\/p>\n<p><strong>*<\/strong> Un (1) fg-100d utm bundle appliance with 20 x ge rj45 ports (including 1 x dmz port, 1 x mgmt port, 2 x ha port, 16 x internal switch ports), 2 x shared media pairs (including 2 x ge rj45, 2 x ge sfp slots), 32gb onboard storage . max managed fortiaps (total \/ tunnel) 64 \/ 32. includes 3 years of forticare \u00aband fortiguard bundle<\/p>\n<p><strong>*<\/strong> Un (1) ten pieces one-time password token, time based password<\/p>\n<p>Env\u00ede a trav\u00e9s de los correos:<\/p>\n<p><a href=\"mailto:cpfonpyme@gmail.com\"><strong>cpfonpyme@gmail.com<\/strong><\/a> \/ <a href=\"mailto:comisiondecontrataciones@fonpyme.gob.ve\"><strong>comisiondecontrataciones@fonpyme.gob.ve<\/strong><\/a>; nombre y RIF de la empresa que desee participar.<br>\n","protected":false},"excerpt":{"rendered":"<p>INVITACI\u00d3N Fecha: 25-11-2016Hora: 09:00 a.m. CONCURSO CERRADO N\u00b0 001-FONPYME-CCP-2016 Por medio de la presente se convoca a las empresas del sector tecnol\u00f3gico a participar en el procedimiento para la selecci\u00f3n &#8230;<\/p>\n","protected":false},"author":1,"featured_media":0,"parent":0,"menu_order":0,"comment_status":"closed","ping_status":"closed","template":"","meta":{"ngg_post_thumbnail":0,"footnotes":""},"class_list":["post-529","page","type-page","status-publish","hentry"],"_links":{"self":[{"href":"https:\/\/www.fonpyme.gob.ve\/index.php\/wp-json\/wp\/v2\/pages\/529","targetHints":{"allow":["GET"]}}],"collection":[{"href":"https:\/\/www.fonpyme.gob.ve\/index.php\/wp-json\/wp\/v2\/pages"}],"about":[{"href":"https:\/\/www.fonpyme.gob.ve\/index.php\/wp-json\/wp\/v2\/types\/page"}],"author":[{"embeddable":true,"href":"https:\/\/www.fonpyme.gob.ve\/index.php\/wp-json\/wp\/v2\/users\/1"}],"replies":[{"embeddable":true,"href":"https:\/\/www.fonpyme.gob.ve\/index.php\/wp-json\/wp\/v2\/comments?post=529"}],"version-history":[{"count":2,"href":"https:\/\/www.fonpyme.gob.ve\/index.php\/wp-json\/wp\/v2\/pages\/529\/revisions"}],"predecessor-version":[{"id":787,"href":"https:\/\/www.fonpyme.gob.ve\/index.php\/wp-json\/wp\/v2\/pages\/529\/revisions\/787"}],"wp:attachment":[{"href":"https:\/\/www.fonpyme.gob.ve\/index.php\/wp-json\/wp\/v2\/media?parent=529"}],"curies":[{"name":"wp","href":"https:\/\/api.w.org\/{rel}","templated":true}]}}