{"id":532,"date":"2026-03-26T14:59:37","date_gmt":"2026-03-26T18:59:37","guid":{"rendered":"https:\/\/www.fonpyme.gob.ve\/?page_id=532"},"modified":"2026-04-17T14:04:59","modified_gmt":"2026-04-17T18:04:59","slug":"registro-de-proveedores","status":"publish","type":"page","link":"https:\/\/www.fonpyme.gob.ve\/index.php\/registro-de-proveedores\/","title":{"rendered":"Registro de Proveedores"},"content":{"rendered":"\n<div align=\"justify\"><strong>El Fondo Nacional de Garant\u00edas Rec\u00edprocas para la Peque\u00f1a y Mediana Empresa<\/strong> (<strong>FONPYME S.A.<\/strong>), a trav\u00e9s de la Gerencia de Administraci\u00f3n y Finanzas invita a todas aquellas empresas, personas naturales, jur\u00eddicas y\/o cooperativas a formar parte de nuestro registro de proveedores, para el suministro de bienes y servicios. Puedes <a href=\"http:\/\/localhost\/fonpyme\/wp-content\/uploads\/2017\/11\/Registro_de_proveedores.pdf\" target=\"_blank\" rel=\"noopener\"><em>DESCARGAR<\/em><\/a> nuestro formato de registro y entregarlo, junto a la documentaci\u00f3n necesaria, en nuestra sede. Los interesados deben presentar la siguiente documentaci\u00f3n:<\/div>\n<div align=\"justify\">&nbsp;<\/div>\n<ul>\n<li>Referencia comercial a FONPYME S.A.<\/li>\n<li>Copia del registro mercantil.<\/li>\n<li>Copia de Registro de Informaci\u00f3n Fiscal (RIF).<\/li>\n<li>Solvencia laboral, \u00faltima declaraci\u00f3n del ISLR, \u00faltima declaraci\u00f3n del IVA.<\/li>\n<li>Copia del n\u00famero de Registro Nacional de Contrataciones (RNC).<\/li>\n<li>Copia de la c\u00e9dula de identidad del representante legal.<\/li>\n<li>Curr\u00edculum de los instructores (en caso de empresa de adiestramiento).<\/li>\n<li>Registro sanitarios (en caso de productos perecederos).<\/li>\n<li>Constancia de inscripci\u00f3n en SUNACOOP (para el caso de cooperativas).<\/li>\n<li>Balance personal firmado por un contador o tres (03) \u00faltimos estados de cuentas bancaria (para el caso de persona natural).<\/li>\n<li>Cualquier otra informaci\u00f3n que contribuya a su calificaci\u00f3n.<\/li>\n<\/ul>\n<p>&nbsp;<\/p>\n<p style=\"text-align: center; padding-left: 30px;\">[bigbutton-gray text=\u00bbDescargar Formulario\u00bb title=\u00bbDownload plugin\u00bb url=\u00bbhttp:\/\/localhost\/fonpyme\/wp-content\/uploads\/2017\/11\/Registro_de_proveedores.pdf\u00bb]<\/p>\n<div style=\"padding-left: 30px;\" align=\"justify\">&nbsp;<\/div>\n","protected":false},"excerpt":{"rendered":"<p>El Fondo Nacional de Garant\u00edas Rec\u00edprocas para la Peque\u00f1a y Mediana Empresa (FONPYME S.A.), a trav\u00e9s de la Gerencia de Administraci\u00f3n y Finanzas invita a todas aquellas empresas, personas naturales, &#8230;<\/p>\n","protected":false},"author":1,"featured_media":0,"parent":0,"menu_order":0,"comment_status":"closed","ping_status":"closed","template":"","meta":{"ngg_post_thumbnail":0,"footnotes":""},"class_list":["post-532","page","type-page","status-publish","hentry"],"_links":{"self":[{"href":"https:\/\/www.fonpyme.gob.ve\/index.php\/wp-json\/wp\/v2\/pages\/532","targetHints":{"allow":["GET"]}}],"collection":[{"href":"https:\/\/www.fonpyme.gob.ve\/index.php\/wp-json\/wp\/v2\/pages"}],"about":[{"href":"https:\/\/www.fonpyme.gob.ve\/index.php\/wp-json\/wp\/v2\/types\/page"}],"author":[{"embeddable":true,"href":"https:\/\/www.fonpyme.gob.ve\/index.php\/wp-json\/wp\/v2\/users\/1"}],"replies":[{"embeddable":true,"href":"https:\/\/www.fonpyme.gob.ve\/index.php\/wp-json\/wp\/v2\/comments?post=532"}],"version-history":[{"count":3,"href":"https:\/\/www.fonpyme.gob.ve\/index.php\/wp-json\/wp\/v2\/pages\/532\/revisions"}],"predecessor-version":[{"id":755,"href":"https:\/\/www.fonpyme.gob.ve\/index.php\/wp-json\/wp\/v2\/pages\/532\/revisions\/755"}],"wp:attachment":[{"href":"https:\/\/www.fonpyme.gob.ve\/index.php\/wp-json\/wp\/v2\/media?parent=532"}],"curies":[{"name":"wp","href":"https:\/\/api.w.org\/{rel}","templated":true}]}}