{"id":724,"date":"2026-04-16T16:14:13","date_gmt":"2026-04-16T20:14:13","guid":{"rendered":"https:\/\/www.fonpyme.gob.ve\/?page_id=724"},"modified":"2026-04-16T16:14:14","modified_gmt":"2026-04-16T20:14:14","slug":"emprende-en-tu-patria","status":"publish","type":"page","link":"https:\/\/www.fonpyme.gob.ve\/index.php\/emprende-en-tu-patria\/","title":{"rendered":"\u00abEMPRENDE EN TU PATRIA\u00bb"},"content":{"rendered":"\n<p>Prensa Fonpyme (22\/04\/2025).- Este lunes ha marcado el inicio del plan \u00abEMPRENDE EN TU PATRIA\u00bb, una iniciativa liderada por el economista y presidente de Fonpyme, Orlando Becerra, Anah\u00ed Arizmendi presidenta de la Misi\u00f3n Vuelta a la Patria y la plataforma Emprender Juntos, con el objetivo de fomentar el esp\u00edritu emprendedor entre 100 connacionales que recientemente regresaron al pa\u00eds.<\/p>\n\n\n\n<p>Desde la sede de Fonpyme, se llevaron a cabo tres talleres clave para dar inicio a este programa. El primero de ellos estuvo a cargo del mismo Presidente de Fonpyme Orlando Becerra quien comparti\u00f3 la importancia de la pol\u00edtica del emprendimiento de Nuestro Presidente Nicol\u00e1s Maduro en la actualidad.<\/p>\n\n\n\n<p>El segundo taller, titulado \u00abFundamentos del emprendimiento\u00bb, estuvo a cargo de la Licenciada Arelys B\u00e1ez, quien comparti\u00f3 herramientas y estrategias fundamentales para el \u00e9xito de cualquier emprendimiento.<\/p>\n\n\n\n<p>Finalmente, el tercer taller, \u00abVisualiza tu proyecto\u00bb, fue conducido por la Licenciada Irma Aquino, quien guio a los participantes en la elaboraci\u00f3n de un plan de negocio s\u00f3lido y efectivo.<\/p>\n\n\n\n<p>Estos talleres marcan el inicio de un programa intensivo de formaci\u00f3n y capacitaci\u00f3n para estos connacionales, quienes han decidido apostar por su pa\u00eds y emprender en Venezuela. Se espera que, a trav\u00e9s de este plan, se puedan generar nuevas oportunidades de crecimiento econ\u00f3mico en el pa\u00eds.<\/p>\n\n\n\n<p>Se espera que \u00abEMPRENDE EN TU PATRIA\u00bb sea el primero de muchos programas que buscan incentivar y apoyar el emprendimiento en Venezuela, con la esperanza de crear una nueva generaci\u00f3n de emprendedores exitosos y comprometidos con el progreso de la naci\u00f3n.<\/p>\n\n\n\n<p>Redacci\u00f3n: Jorge Navas<\/p>\n\n\n\n<p>Fonpyme<\/p>\n\n\n\n<p><\/p>\n","protected":false},"excerpt":{"rendered":"<p>Prensa Fonpyme (22\/04\/2025).- Este lunes ha marcado el inicio del plan \u00abEMPRENDE EN TU PATRIA\u00bb, una iniciativa liderada por el economista y presidente de Fonpyme, Orlando Becerra, Anah\u00ed Arizmendi presidenta &#8230;<\/p>\n","protected":false},"author":1,"featured_media":0,"parent":0,"menu_order":0,"comment_status":"closed","ping_status":"closed","template":"","meta":{"ngg_post_thumbnail":0,"footnotes":""},"class_list":["post-724","page","type-page","status-publish","hentry"],"_links":{"self":[{"href":"https:\/\/www.fonpyme.gob.ve\/index.php\/wp-json\/wp\/v2\/pages\/724","targetHints":{"allow":["GET"]}}],"collection":[{"href":"https:\/\/www.fonpyme.gob.ve\/index.php\/wp-json\/wp\/v2\/pages"}],"about":[{"href":"https:\/\/www.fonpyme.gob.ve\/index.php\/wp-json\/wp\/v2\/types\/page"}],"author":[{"embeddable":true,"href":"https:\/\/www.fonpyme.gob.ve\/index.php\/wp-json\/wp\/v2\/users\/1"}],"replies":[{"embeddable":true,"href":"https:\/\/www.fonpyme.gob.ve\/index.php\/wp-json\/wp\/v2\/comments?post=724"}],"version-history":[{"count":1,"href":"https:\/\/www.fonpyme.gob.ve\/index.php\/wp-json\/wp\/v2\/pages\/724\/revisions"}],"predecessor-version":[{"id":726,"href":"https:\/\/www.fonpyme.gob.ve\/index.php\/wp-json\/wp\/v2\/pages\/724\/revisions\/726"}],"wp:attachment":[{"href":"https:\/\/www.fonpyme.gob.ve\/index.php\/wp-json\/wp\/v2\/media?parent=724"}],"curies":[{"name":"wp","href":"https:\/\/api.w.org\/{rel}","templated":true}]}}